{"id":38,"date":"2023-03-21T21:49:24","date_gmt":"2023-03-21T20:49:24","guid":{"rendered":"http:\/\/lescolocs-coworking.com\/index.php\/page-de-maintenance\/"},"modified":"2023-03-21T21:58:45","modified_gmt":"2023-03-21T20:58:45","slug":"page-de-maintenance","status":"publish","type":"page","link":"https:\/\/lescolocs-coworking.com\/","title":{"rendered":"Site en Cr\u00e9ation"},"content":{"rendered":"\n<div id=\"wp-block-themeisle-blocks-advanced-columns-0d617423\" class=\"wp-block-themeisle-blocks-advanced-columns alignfull has-1-columns has-desktop-equal-layout has-tablet-equal-layout has-mobile-equal-layout has-vertical-center\"><div class=\"wp-block-themeisle-blocks-advanced-columns-overlay\"><\/div><div class=\"innerblocks-wrap\">\n<div id=\"wp-block-themeisle-blocks-advanced-column-09847c7b\" class=\"wp-block-themeisle-blocks-advanced-column\">\n<figure class=\"wp-block-gallery aligncenter has-nested-images columns-default is-cropped wp-block-gallery-1 is-layout-flex wp-block-gallery-is-layout-flex\">\n<figure class=\"wp-block-image size-large\"><img loading=\"lazy\" decoding=\"async\" width=\"1024\" height=\"1024\" data-id=\"7\" src=\"http:\/\/lescolocs-coworking.com\/wp-content\/uploads\/2023\/03\/41-1024x1024.jpg\" alt=\"\" class=\"wp-image-7\" srcset=\"https:\/\/lescolocs-coworking.com\/wp-content\/uploads\/2023\/03\/41-1024x1024.jpg 1024w, https:\/\/lescolocs-coworking.com\/wp-content\/uploads\/2023\/03\/41-300x300.jpg 300w, https:\/\/lescolocs-coworking.com\/wp-content\/uploads\/2023\/03\/41-150x150.jpg 150w, https:\/\/lescolocs-coworking.com\/wp-content\/uploads\/2023\/03\/41-768x768.jpg 768w, https:\/\/lescolocs-coworking.com\/wp-content\/uploads\/2023\/03\/41-1536x1536.jpg 1536w, https:\/\/lescolocs-coworking.com\/wp-content\/uploads\/2023\/03\/41.jpg 1575w\" sizes=\"auto, (max-width: 767px) 89vw, (max-width: 1000px) 54vw, (max-width: 1071px) 543px, 580px\" \/><\/figure>\n<\/figure>\n\n\n\n<h1 class=\"wp-block-heading\">Les Colocs Co-working<\/h1>\n\n\n\n<h2 class=\"has-27-font-size wp-block-heading\"><strong>Espace de Co-working beaut\u00e9 et bien \u00eatre pour ind\u00e9pendants<\/strong><\/h2>\n\n\n\n<div style=\"height:40px\" aria-hidden=\"true\" class=\"wp-block-spacer\"><\/div>\n\n\n\n<div id=\"wp-block-themeisle-blocks-countdown-aead0e2a\" data-date=\"2023-05-17T18:46:07\" class=\"wp-block-themeisle-blocks-countdown\"><div class=\"otter-countdown__container\"><div class=\"otter-countdown__display\"><div name=\"day\" class=\"otter-countdown__display-area is-main-component\"><div class=\"otter-countdown__value\">0<\/div><div class=\"otter-countdown__label\">Day<\/div><\/div><div name=\"hour\" class=\"otter-countdown__display-area is-main-component\"><div class=\"otter-countdown__value\">0<\/div><div class=\"otter-countdown__label\">Hour<\/div><\/div><div name=\"minute\" class=\"otter-countdown__display-area is-main-component\"><div class=\"otter-countdown__value\">0<\/div><div class=\"otter-countdown__label\">Minute<\/div><\/div><div name=\"second\" class=\"otter-countdown__display-area is-main-component\"><div class=\"otter-countdown__value\">0<\/div><div class=\"otter-countdown__label\">Second<\/div><\/div><\/div><\/div><\/div>\n\n\n\n<div style=\"height:40px\" aria-hidden=\"true\" class=\"wp-block-spacer\"><\/div>\n\n\n\n<ul class=\"wp-block-social-links has-large-icon-size has-icon-color has-icon-background-color is-style-default is-content-justification-center is-layout-flex wp-container-core-social-links-is-layout-16018d1d wp-block-social-links-is-layout-flex\"><li style=\"color:#ffffff;background-color:#63a18f;\" class=\"wp-social-link wp-social-link-twitter has-white-color wp-block-social-link\"><a href=\"#\" class=\"wp-block-social-link-anchor\"><svg width=\"24\" height=\"24\" viewBox=\"0 0 24 24\" version=\"1.1\" xmlns=\"http:\/\/www.w3.org\/2000\/svg\" aria-hidden=\"true\" focusable=\"false\"><path d=\"M22.23,5.924c-0.736,0.326-1.527,0.547-2.357,0.646c0.847-0.508,1.498-1.312,1.804-2.27 c-0.793,0.47-1.671,0.812-2.606,0.996C18.324,4.498,17.257,4,16.077,4c-2.266,0-4.103,1.837-4.103,4.103 c0,0.322,0.036,0.635,0.106,0.935C8.67,8.867,5.647,7.234,3.623,4.751C3.27,5.357,3.067,6.062,3.067,6.814 c0,1.424,0.724,2.679,1.825,3.415c-0.673-0.021-1.305-0.206-1.859-0.513c0,0.017,0,0.034,0,0.052c0,1.988,1.414,3.647,3.292,4.023 c-0.344,0.094-0.707,0.144-1.081,0.144c-0.264,0-0.521-0.026-0.772-0.074c0.522,1.63,2.038,2.816,3.833,2.85 c-1.404,1.1-3.174,1.756-5.096,1.756c-0.331,0-0.658-0.019-0.979-0.057c1.816,1.164,3.973,1.843,6.29,1.843 c7.547,0,11.675-6.252,11.675-11.675c0-0.178-0.004-0.355-0.012-0.531C20.985,7.47,21.68,6.747,22.23,5.924z\"><\/path><\/svg><span class=\"wp-block-social-link-label screen-reader-text\">Twitter<\/span><\/a><\/li>\n\n<li style=\"color:#ffffff;background-color:#63a18f;\" class=\"wp-social-link wp-social-link-facebook has-white-color wp-block-social-link\"><a href=\"#\" class=\"wp-block-social-link-anchor\"><svg width=\"24\" height=\"24\" viewBox=\"0 0 24 24\" version=\"1.1\" xmlns=\"http:\/\/www.w3.org\/2000\/svg\" aria-hidden=\"true\" focusable=\"false\"><path d=\"M12 2C6.5 2 2 6.5 2 12c0 5 3.7 9.1 8.4 9.9v-7H7.9V12h2.5V9.8c0-2.5 1.5-3.9 3.8-3.9 1.1 0 2.2.2 2.2.2v2.5h-1.3c-1.2 0-1.6.8-1.6 1.6V12h2.8l-.4 2.9h-2.3v7C18.3 21.1 22 17 22 12c0-5.5-4.5-10-10-10z\"><\/path><\/svg><span class=\"wp-block-social-link-label screen-reader-text\">Facebook<\/span><\/a><\/li>\n\n<li style=\"color:#ffffff;background-color:#63a18f;\" class=\"wp-social-link wp-social-link-instagram has-white-color wp-block-social-link\"><a href=\"#lescolocs-coworking\" class=\"wp-block-social-link-anchor\"><svg width=\"24\" height=\"24\" viewBox=\"0 0 24 24\" version=\"1.1\" xmlns=\"http:\/\/www.w3.org\/2000\/svg\" aria-hidden=\"true\" focusable=\"false\"><path d=\"M12,4.622c2.403,0,2.688,0.009,3.637,0.052c0.877,0.04,1.354,0.187,1.671,0.31c0.42,0.163,0.72,0.358,1.035,0.673 c0.315,0.315,0.51,0.615,0.673,1.035c0.123,0.317,0.27,0.794,0.31,1.671c0.043,0.949,0.052,1.234,0.052,3.637 s-0.009,2.688-0.052,3.637c-0.04,0.877-0.187,1.354-0.31,1.671c-0.163,0.42-0.358,0.72-0.673,1.035 c-0.315,0.315-0.615,0.51-1.035,0.673c-0.317,0.123-0.794,0.27-1.671,0.31c-0.949,0.043-1.233,0.052-3.637,0.052 s-2.688-0.009-3.637-0.052c-0.877-0.04-1.354-0.187-1.671-0.31c-0.42-0.163-0.72-0.358-1.035-0.673 c-0.315-0.315-0.51-0.615-0.673-1.035c-0.123-0.317-0.27-0.794-0.31-1.671C4.631,14.688,4.622,14.403,4.622,12 s0.009-2.688,0.052-3.637c0.04-0.877,0.187-1.354,0.31-1.671c0.163-0.42,0.358-0.72,0.673-1.035 c0.315-0.315,0.615-0.51,1.035-0.673c0.317-0.123,0.794-0.27,1.671-0.31C9.312,4.631,9.597,4.622,12,4.622 M12,3 C9.556,3,9.249,3.01,8.289,3.054C7.331,3.098,6.677,3.25,6.105,3.472C5.513,3.702,5.011,4.01,4.511,4.511 c-0.5,0.5-0.808,1.002-1.038,1.594C3.25,6.677,3.098,7.331,3.054,8.289C3.01,9.249,3,9.556,3,12c0,2.444,0.01,2.751,0.054,3.711 c0.044,0.958,0.196,1.612,0.418,2.185c0.23,0.592,0.538,1.094,1.038,1.594c0.5,0.5,1.002,0.808,1.594,1.038 c0.572,0.222,1.227,0.375,2.185,0.418C9.249,20.99,9.556,21,12,21s2.751-0.01,3.711-0.054c0.958-0.044,1.612-0.196,2.185-0.418 c0.592-0.23,1.094-0.538,1.594-1.038c0.5-0.5,0.808-1.002,1.038-1.594c0.222-0.572,0.375-1.227,0.418-2.185 C20.99,14.751,21,14.444,21,12s-0.01-2.751-0.054-3.711c-0.044-0.958-0.196-1.612-0.418-2.185c-0.23-0.592-0.538-1.094-1.038-1.594 c-0.5-0.5-1.002-0.808-1.594-1.038c-0.572-0.222-1.227-0.375-2.185-0.418C14.751,3.01,14.444,3,12,3L12,3z M12,7.378 c-2.552,0-4.622,2.069-4.622,4.622S9.448,16.622,12,16.622s4.622-2.069,4.622-4.622S14.552,7.378,12,7.378z M12,15 c-1.657,0-3-1.343-3-3s1.343-3,3-3s3,1.343,3,3S13.657,15,12,15z M16.804,6.116c-0.596,0-1.08,0.484-1.08,1.08 s0.484,1.08,1.08,1.08c0.596,0,1.08-0.484,1.08-1.08S17.401,6.116,16.804,6.116z\"><\/path><\/svg><span class=\"wp-block-social-link-label screen-reader-text\">Instagram<\/span><\/a><\/li><\/ul>\n<\/div>\n<\/div><\/div>\n\n\n\n<div id=\"wp-block-themeisle-blocks-advanced-columns-9258d0fb\" class=\"wp-block-themeisle-blocks-advanced-columns alignfull has-1-columns has-desktop-equal-layout has-tablet-equal-layout has-mobile-equal-layout has-vertical-center ticss-a5d12595\"><div class=\"wp-block-themeisle-blocks-advanced-columns-overlay\"><\/div><div class=\"innerblocks-wrap\">\n<div id=\"wp-block-themeisle-blocks-advanced-column-104ab98e\" class=\"wp-block-themeisle-blocks-advanced-column\">\n<div id=\"wp-block-themeisle-blocks-advanced-columns-1c3dfa33\" class=\"wp-block-themeisle-blocks-advanced-columns has-1-columns has-desktop-oneTwo-layout has-tablet-collapsedRows-layout has-mobile-collapsedRows-layout has-vertical-unset\"><div class=\"wp-block-themeisle-blocks-advanced-columns-overlay\"><\/div><div class=\"innerblocks-wrap\">\n<div id=\"wp-block-themeisle-blocks-advanced-column-dcc8c6af\" class=\"wp-block-themeisle-blocks-advanced-column\">\n<figure class=\"wp-block-image size-large\"><img loading=\"lazy\" decoding=\"async\" width=\"1024\" height=\"1024\" src=\"http:\/\/lescolocs-coworking.com\/wp-content\/uploads\/2023\/03\/44-1-1024x1024.jpg\" alt=\"\" class=\"wp-image-42\" srcset=\"https:\/\/lescolocs-coworking.com\/wp-content\/uploads\/2023\/03\/44-1-1024x1024.jpg 1024w, https:\/\/lescolocs-coworking.com\/wp-content\/uploads\/2023\/03\/44-1-300x300.jpg 300w, https:\/\/lescolocs-coworking.com\/wp-content\/uploads\/2023\/03\/44-1-150x150.jpg 150w, https:\/\/lescolocs-coworking.com\/wp-content\/uploads\/2023\/03\/44-1-768x768.jpg 768w, https:\/\/lescolocs-coworking.com\/wp-content\/uploads\/2023\/03\/44-1-1536x1536.jpg 1536w, https:\/\/lescolocs-coworking.com\/wp-content\/uploads\/2023\/03\/44-1-100x100.jpg 100w, https:\/\/lescolocs-coworking.com\/wp-content\/uploads\/2023\/03\/44-1.jpg 1575w\" sizes=\"auto, (max-width: 767px) 89vw, (max-width: 1000px) 54vw, (max-width: 1071px) 543px, 580px\" \/><\/figure>\n<\/div>\n<\/div><\/div>\n<\/div>\n<\/div><\/div>\n","protected":false},"excerpt":{"rendered":"","protected":false},"author":1,"featured_media":0,"parent":0,"menu_order":0,"comment_status":"closed","ping_status":"closed","template":"templates\/wpmm-page-template.php","meta":{"_themeisle_gutenberg_block_has_review":false,"footnotes":""},"class_list":["post-38","page","type-page","status-publish","hentry"],"yoast_head":"<!-- This site is optimized with the Yoast SEO plugin v20.3 - https:\/\/yoast.com\/wordpress\/plugins\/seo\/ -->\n<title>Site en Cr\u00e9ation - Les Colocs Co-working<\/title>\n<meta name=\"description\" content=\"Nous sommes Entrepreneuses et nous souhaitons cr\u00e9er un espace de co-working pour ind\u00e9pendants dans le secteur de la beaut\u00e9 et le bien \u00eatre.St\u00e9phanie QUERREC g\u00e9rante d\u2019un salon de coiffure depuis 9 ans et Coralie Joulaud ind\u00e9pendante depuis 18 mois.Nous aimons travailler dans la bonne humeur et le convivialit\u00e9.Avec un espace accueil, coin salon avec boissons chaudes\" \/>\n<meta name=\"robots\" content=\"index, follow, max-snippet:-1, max-image-preview:large, max-video-preview:-1\" \/>\n<link rel=\"canonical\" href=\"https:\/\/lescolocs-coworking.com\/\" \/>\n<meta property=\"og:locale\" content=\"fr_FR\" \/>\n<meta property=\"og:type\" content=\"article\" \/>\n<meta property=\"og:title\" content=\"Site en Cr\u00e9ation - Les Colocs Co-working\" \/>\n<meta property=\"og:description\" content=\"Nous sommes Entrepreneuses et nous souhaitons cr\u00e9er un espace de co-working pour ind\u00e9pendants dans le secteur de la beaut\u00e9 et le bien \u00eatre.St\u00e9phanie QUERREC g\u00e9rante d\u2019un salon de coiffure depuis 9 ans et Coralie Joulaud ind\u00e9pendante depuis 18 mois.Nous aimons travailler dans la bonne humeur et le convivialit\u00e9.Avec un espace accueil, coin salon avec boissons chaudes\" \/>\n<meta property=\"og:url\" content=\"https:\/\/lescolocs-coworking.com\/\" \/>\n<meta property=\"og:site_name\" content=\"Les Colocs Co-working\" \/>\n<meta property=\"article:modified_time\" content=\"2023-03-21T20:58:45+00:00\" \/>\n<meta property=\"og:image\" content=\"http:\/\/lescolocs-coworking.com\/wp-content\/uploads\/2023\/03\/41-1024x1024.jpg\" \/>\n<meta name=\"twitter:card\" content=\"summary_large_image\" \/>\n<meta name=\"twitter:label1\" content=\"Dur\u00e9e de lecture estim\u00e9e\" \/>\n\t<meta name=\"twitter:data1\" content=\"1 minute\" \/>\n<script type=\"application\/ld+json\" class=\"yoast-schema-graph\">{\"@context\":\"https:\/\/schema.org\",\"@graph\":[{\"@type\":\"WebPage\",\"@id\":\"https:\/\/lescolocs-coworking.com\/\",\"url\":\"https:\/\/lescolocs-coworking.com\/\",\"name\":\"Site en Cr\u00e9ation - Les Colocs Co-working\",\"isPartOf\":{\"@id\":\"https:\/\/lescolocs-coworking.com\/#website\"},\"datePublished\":\"2023-03-21T20:49:24+00:00\",\"dateModified\":\"2023-03-21T20:58:45+00:00\",\"description\":\"Nous sommes Entrepreneuses et nous souhaitons cr\u00e9er un espace de co-working pour ind\u00e9pendants dans le secteur de la beaut\u00e9 et le bien \u00eatre.St\u00e9phanie QUERREC g\u00e9rante d\u2019un salon de coiffure depuis 9 ans et Coralie Joulaud ind\u00e9pendante depuis 18 mois.Nous aimons travailler dans la bonne humeur et le convivialit\u00e9.Avec un espace accueil, coin salon avec boissons chaudes\",\"breadcrumb\":{\"@id\":\"https:\/\/lescolocs-coworking.com\/#breadcrumb\"},\"inLanguage\":\"fr-FR\",\"potentialAction\":[{\"@type\":\"ReadAction\",\"target\":[\"https:\/\/lescolocs-coworking.com\/\"]}]},{\"@type\":\"BreadcrumbList\",\"@id\":\"https:\/\/lescolocs-coworking.com\/#breadcrumb\",\"itemListElement\":[{\"@type\":\"ListItem\",\"position\":1,\"name\":\"Accueil\",\"item\":\"https:\/\/lescolocs-coworking.com\/\"},{\"@type\":\"ListItem\",\"position\":2,\"name\":\"Site en Cr\u00e9ation\"}]},{\"@type\":\"WebSite\",\"@id\":\"https:\/\/lescolocs-coworking.com\/#website\",\"url\":\"https:\/\/lescolocs-coworking.com\/\",\"name\":\"Les Colocs Co-working\",\"description\":\"Espace bien \u00eatre et Beaut\u00e9 pour Entrepreneur\",\"publisher\":{\"@id\":\"https:\/\/lescolocs-coworking.com\/#\/schema\/person\/47b132bc775df388b25c0c5426647c49\"},\"potentialAction\":[{\"@type\":\"SearchAction\",\"target\":{\"@type\":\"EntryPoint\",\"urlTemplate\":\"https:\/\/lescolocs-coworking.com\/?s={search_term_string}\"},\"query-input\":\"required name=search_term_string\"}],\"inLanguage\":\"fr-FR\"},{\"@type\":[\"Person\",\"Organization\"],\"@id\":\"https:\/\/lescolocs-coworking.com\/#\/schema\/person\/47b132bc775df388b25c0c5426647c49\",\"name\":\"admin8257\",\"image\":{\"@type\":\"ImageObject\",\"inLanguage\":\"fr-FR\",\"@id\":\"https:\/\/lescolocs-coworking.com\/#\/schema\/person\/image\/\",\"url\":\"https:\/\/secure.gravatar.com\/avatar\/37b905a2c4ab6ec049c8fe94cc3873746c592f991a5f62a7f2cc4647c995bb92?s=96&d=mm&r=g\",\"contentUrl\":\"https:\/\/secure.gravatar.com\/avatar\/37b905a2c4ab6ec049c8fe94cc3873746c592f991a5f62a7f2cc4647c995bb92?s=96&d=mm&r=g\",\"caption\":\"admin8257\"},\"logo\":{\"@id\":\"https:\/\/lescolocs-coworking.com\/#\/schema\/person\/image\/\"},\"sameAs\":[\"http:\/\/lescolocs-coworking.com\"]}]}<\/script>\n<!-- \/ Yoast SEO plugin. -->","yoast_head_json":{"title":"Site en Cr\u00e9ation - Les Colocs Co-working","description":"Nous sommes Entrepreneuses et nous souhaitons cr\u00e9er un espace de co-working pour ind\u00e9pendants dans le secteur de la beaut\u00e9 et le bien \u00eatre.St\u00e9phanie QUERREC g\u00e9rante d\u2019un salon de coiffure depuis 9 ans et Coralie Joulaud ind\u00e9pendante depuis 18 mois.Nous aimons travailler dans la bonne humeur et le convivialit\u00e9.Avec un espace accueil, coin salon avec boissons chaudes","robots":{"index":"index","follow":"follow","max-snippet":"max-snippet:-1","max-image-preview":"max-image-preview:large","max-video-preview":"max-video-preview:-1"},"canonical":"https:\/\/lescolocs-coworking.com\/","og_locale":"fr_FR","og_type":"article","og_title":"Site en Cr\u00e9ation - Les Colocs Co-working","og_description":"Nous sommes Entrepreneuses et nous souhaitons cr\u00e9er un espace de co-working pour ind\u00e9pendants dans le secteur de la beaut\u00e9 et le bien \u00eatre.St\u00e9phanie QUERREC g\u00e9rante d\u2019un salon de coiffure depuis 9 ans et Coralie Joulaud ind\u00e9pendante depuis 18 mois.Nous aimons travailler dans la bonne humeur et le convivialit\u00e9.Avec un espace accueil, coin salon avec boissons chaudes","og_url":"https:\/\/lescolocs-coworking.com\/","og_site_name":"Les Colocs Co-working","article_modified_time":"2023-03-21T20:58:45+00:00","og_image":[{"url":"http:\/\/lescolocs-coworking.com\/wp-content\/uploads\/2023\/03\/41-1024x1024.jpg"}],"twitter_card":"summary_large_image","twitter_misc":{"Dur\u00e9e de lecture estim\u00e9e":"1 minute"},"schema":{"@context":"https:\/\/schema.org","@graph":[{"@type":"WebPage","@id":"https:\/\/lescolocs-coworking.com\/","url":"https:\/\/lescolocs-coworking.com\/","name":"Site en Cr\u00e9ation - Les Colocs Co-working","isPartOf":{"@id":"https:\/\/lescolocs-coworking.com\/#website"},"datePublished":"2023-03-21T20:49:24+00:00","dateModified":"2023-03-21T20:58:45+00:00","description":"Nous sommes Entrepreneuses et nous souhaitons cr\u00e9er un espace de co-working pour ind\u00e9pendants dans le secteur de la beaut\u00e9 et le bien \u00eatre.St\u00e9phanie QUERREC g\u00e9rante d\u2019un salon de coiffure depuis 9 ans et Coralie Joulaud ind\u00e9pendante depuis 18 mois.Nous aimons travailler dans la bonne humeur et le convivialit\u00e9.Avec un espace accueil, coin salon avec boissons chaudes","breadcrumb":{"@id":"https:\/\/lescolocs-coworking.com\/#breadcrumb"},"inLanguage":"fr-FR","potentialAction":[{"@type":"ReadAction","target":["https:\/\/lescolocs-coworking.com\/"]}]},{"@type":"BreadcrumbList","@id":"https:\/\/lescolocs-coworking.com\/#breadcrumb","itemListElement":[{"@type":"ListItem","position":1,"name":"Accueil","item":"https:\/\/lescolocs-coworking.com\/"},{"@type":"ListItem","position":2,"name":"Site en Cr\u00e9ation"}]},{"@type":"WebSite","@id":"https:\/\/lescolocs-coworking.com\/#website","url":"https:\/\/lescolocs-coworking.com\/","name":"Les Colocs Co-working","description":"Espace bien \u00eatre et Beaut\u00e9 pour Entrepreneur","publisher":{"@id":"https:\/\/lescolocs-coworking.com\/#\/schema\/person\/47b132bc775df388b25c0c5426647c49"},"potentialAction":[{"@type":"SearchAction","target":{"@type":"EntryPoint","urlTemplate":"https:\/\/lescolocs-coworking.com\/?s={search_term_string}"},"query-input":"required name=search_term_string"}],"inLanguage":"fr-FR"},{"@type":["Person","Organization"],"@id":"https:\/\/lescolocs-coworking.com\/#\/schema\/person\/47b132bc775df388b25c0c5426647c49","name":"admin8257","image":{"@type":"ImageObject","inLanguage":"fr-FR","@id":"https:\/\/lescolocs-coworking.com\/#\/schema\/person\/image\/","url":"https:\/\/secure.gravatar.com\/avatar\/37b905a2c4ab6ec049c8fe94cc3873746c592f991a5f62a7f2cc4647c995bb92?s=96&d=mm&r=g","contentUrl":"https:\/\/secure.gravatar.com\/avatar\/37b905a2c4ab6ec049c8fe94cc3873746c592f991a5f62a7f2cc4647c995bb92?s=96&d=mm&r=g","caption":"admin8257"},"logo":{"@id":"https:\/\/lescolocs-coworking.com\/#\/schema\/person\/image\/"},"sameAs":["http:\/\/lescolocs-coworking.com"]}]}},"_links":{"self":[{"href":"https:\/\/lescolocs-coworking.com\/index.php\/wp-json\/wp\/v2\/pages\/38","targetHints":{"allow":["GET"]}}],"collection":[{"href":"https:\/\/lescolocs-coworking.com\/index.php\/wp-json\/wp\/v2\/pages"}],"about":[{"href":"https:\/\/lescolocs-coworking.com\/index.php\/wp-json\/wp\/v2\/types\/page"}],"author":[{"embeddable":true,"href":"https:\/\/lescolocs-coworking.com\/index.php\/wp-json\/wp\/v2\/users\/1"}],"replies":[{"embeddable":true,"href":"https:\/\/lescolocs-coworking.com\/index.php\/wp-json\/wp\/v2\/comments?post=38"}],"version-history":[{"count":2,"href":"https:\/\/lescolocs-coworking.com\/index.php\/wp-json\/wp\/v2\/pages\/38\/revisions"}],"predecessor-version":[{"id":43,"href":"https:\/\/lescolocs-coworking.com\/index.php\/wp-json\/wp\/v2\/pages\/38\/revisions\/43"}],"wp:attachment":[{"href":"https:\/\/lescolocs-coworking.com\/index.php\/wp-json\/wp\/v2\/media?parent=38"}],"curies":[{"name":"wp","href":"https:\/\/api.w.org\/{rel}","templated":true}]}}